{"id":10,"date":"2026-01-29T16:18:24","date_gmt":"2026-01-29T16:18:24","guid":{"rendered":"https:\/\/webout.rkinformatika.online\/?page_id=10"},"modified":"2026-02-02T12:28:23","modified_gmt":"2026-02-02T12:28:23","slug":"inicio","status":"publish","type":"page","link":"https:\/\/webout.es\/en\/","title":{"rendered":"Home"},"content":{"rendered":"<div data-elementor-type=\"wp-page\" data-elementor-id=\"10\" class=\"elementor elementor-10\" data-elementor-post-type=\"page\">\n\t\t\t\t<div class=\"elementor-element elementor-element-7364a58 animated-slow e-flex e-con-boxed elementor-invisible e-con e-parent\" data-id=\"7364a58\" data-element_type=\"container\" data-e-type=\"container\" data-settings=\"{&quot;background_background&quot;:&quot;classic&quot;,&quot;shape_divider_bottom&quot;:&quot;opacity-tilt&quot;,&quot;animation&quot;:&quot;fadeIn&quot;}\">\n\t\t\t\t\t<div class=\"e-con-inner\">\n\t\t\t\t<div class=\"elementor-shape elementor-shape-bottom\" aria-hidden=\"true\" data-negative=\"false\">\n\t\t\t<svg xmlns=\"http:\/\/www.w3.org\/2000\/svg\" viewbox=\"0 0 2600 131.1\" preserveaspectratio=\"none\">\n\t<path class=\"elementor-shape-fill\" d=\"M0 0L2600 0 2600 69.1 0 0z\"\/>\n\t<path class=\"elementor-shape-fill\" style=\"opacity:0.5\" d=\"M0 0L2600 0 2600 69.1 0 69.1z\"\/>\n\t<path class=\"elementor-shape-fill\" style=\"opacity:0.25\" d=\"M2600 0L0 0 0 130.1 2600 69.1z\"\/>\n<\/svg>\t\t<\/div>\n\t\t\t\t<div class=\"elementor-element elementor-element-45b084e elementor-widget elementor-widget-heading\" data-id=\"45b084e\" data-element_type=\"widget\" data-e-type=\"widget\" data-widget_type=\"heading.default\">\n\t\t\t\t\t<h2 class=\"elementor-heading-title elementor-size-default\">Asset Management and Leasing<\/h2>\t\t\t\t<\/div>\n\t\t\t\t\t<\/div>\n\t\t\t\t<\/div>\n\t\t<div class=\"elementor-element elementor-element-8c8709f e-flex e-con-boxed e-con e-parent\" data-id=\"8c8709f\" data-element_type=\"container\" data-e-type=\"container\" data-settings=\"{&quot;background_background&quot;:&quot;classic&quot;}\">\n\t\t\t\t\t<div class=\"e-con-inner\">\n\t\t<div class=\"elementor-element elementor-element-60ed5a8 e-con-full animated-slow e-flex elementor-invisible e-con e-child\" data-id=\"60ed5a8\" data-element_type=\"container\" data-e-type=\"container\" data-settings=\"{&quot;animation&quot;:&quot;fadeInLeft&quot;}\">\n\t\t\t\t<div class=\"elementor-element elementor-element-fb2b38a elementor-widget elementor-widget-heading\" data-id=\"fb2b38a\" data-element_type=\"widget\" data-e-type=\"widget\" data-widget_type=\"heading.default\">\n\t\t\t\t\t<h2 class=\"elementor-heading-title elementor-size-default\">Who are we:<\/h2>\t\t\t\t<\/div>\n\t\t\t\t<div class=\"elementor-element elementor-element-792bef1 elementor-widget elementor-widget-text-editor\" data-id=\"792bef1\" data-element_type=\"widget\" data-e-type=\"widget\" data-widget_type=\"text-editor.default\">\n\t\t\t\t\t\t\t\t\t<p>OUTPUT CREATIVE S.L. is a property management company, primarily dedicated to real estate leasing. Our activity focuses on the responsible and efficient management of residential properties.<\/p>\t\t\t\t\t\t\t\t<\/div>\n\t\t\t\t<\/div>\n\t\t<div class=\"elementor-element elementor-element-78e37c0 e-con-full animated-slow e-flex elementor-invisible e-con e-child\" data-id=\"78e37c0\" data-element_type=\"container\" data-e-type=\"container\" data-settings=\"{&quot;animation&quot;:&quot;fadeInRight&quot;}\">\n\t\t\t\t<div class=\"elementor-element elementor-element-29637a5 elementor-widget elementor-widget-heading\" data-id=\"29637a5\" data-element_type=\"widget\" data-e-type=\"widget\" data-widget_type=\"heading.default\">\n\t\t\t\t\t<h2 class=\"elementor-heading-title elementor-size-default\">What we offer:<\/h2>\t\t\t\t<\/div>\n\t\t\t\t<div class=\"elementor-element elementor-element-fee7a55 elementor-widget elementor-widget-text-editor\" data-id=\"fee7a55\" data-element_type=\"widget\" data-e-type=\"widget\" data-widget_type=\"text-editor.default\">\n\t\t\t\t\t\t\t\t\t<p>We offer renovated homes located in central areas, with access to essential services such as shops, leisure facilities, green spaces and excellent transport links<\/p>\t\t\t\t\t\t\t\t<\/div>\n\t\t\t\t<\/div>\n\t\t\t\t\t<\/div>\n\t\t\t\t<\/div>\n\t\t<div class=\"elementor-element elementor-element-f69b0ae animated-slow e-flex e-con-boxed elementor-invisible e-con e-parent\" data-id=\"f69b0ae\" data-element_type=\"container\" data-e-type=\"container\" data-settings=\"{&quot;background_background&quot;:&quot;classic&quot;,&quot;animation&quot;:&quot;fadeInUp&quot;}\">\n\t\t\t\t\t<div class=\"e-con-inner\">\n\t\t<div class=\"elementor-element elementor-element-b177140 e-con-full e-flex e-con e-child\" data-id=\"b177140\" data-element_type=\"container\" data-e-type=\"container\">\n\t\t\t\t<div class=\"elementor-element elementor-element-68f082c elementor-widget elementor-widget-heading\" data-id=\"68f082c\" data-element_type=\"widget\" data-e-type=\"widget\" data-widget_type=\"heading.default\">\n\t\t\t\t\t<h2 class=\"elementor-heading-title elementor-size-default\">Professional management of real estate assets with criteria of quality, transparency and responsibility.<\/h2>\t\t\t\t<\/div>\n\t\t\t\t<\/div>\n\t\t\t\t<div class=\"elementor-element elementor-element-c7be0fd elementor-widget elementor-widget-button\" data-id=\"c7be0fd\" data-element_type=\"widget\" data-e-type=\"widget\" data-widget_type=\"button.default\">\n\t\t\t\t\t\t\t\t\t\t<a class=\"elementor-button elementor-button-link elementor-size-sm elementor-animation-grow\" href=\"https:\/\/webout.es\/en\/actividad\/\">\n\t\t\t\t\t\t<span class=\"elementor-button-content-wrapper\">\n\t\t\t\t\t\t\t\t\t<span class=\"elementor-button-text\">Activity<\/span>\n\t\t\t\t\t<\/span>\n\t\t\t\t\t<\/a>\n\t\t\t\t\t\t\t\t<\/div>\n\t\t\t\t\t<\/div>\n\t\t\t\t<\/div>\n\t\t\t\t<\/div>","protected":false},"excerpt":{"rendered":"<p>Gesti\u00f3n Patrimonial y Arrendamiento Quien somos: OUTPUT CREATIVE S.L. es una empresa patrimonial, dedicada principalmente al arrendamiento de inmuebles. Nuestra actividad se centra en la administraci\u00f3n responsable y eficiente de propiedades destinadas a vivienda Qu\u00e9 ofrecemos: Ofrecemos viviendas, rehabilitadas y situadas en zonas c\u00e9ntricas, con acceso a servicios esenciales como comercios, espacios de ocio, zonas [&hellip;]<\/p>\n","protected":false},"author":1,"featured_media":0,"parent":0,"menu_order":0,"comment_status":"closed","ping_status":"closed","template":"elementor_canvas","meta":{"footnotes":""},"class_list":["post-10","page","type-page","status-publish","hentry"],"yoast_head":"<!-- This site is optimized with the Yoast SEO plugin v27.3 - https:\/\/yoast.com\/product\/yoast-seo-wordpress\/ -->\n<title>Inicio - OUTPUT CREATIVE S.L.<\/title>\n<meta name=\"robots\" content=\"index, follow, max-snippet:-1, max-image-preview:large, max-video-preview:-1\" \/>\n<link rel=\"canonical\" href=\"https:\/\/webout.es\/en\/\" \/>\n<meta property=\"og:locale\" content=\"en_GB\" \/>\n<meta property=\"og:type\" content=\"article\" \/>\n<meta property=\"og:title\" content=\"Inicio - OUTPUT CREATIVE S.L.\" \/>\n<meta property=\"og:description\" content=\"Gesti\u00f3n Patrimonial y Arrendamiento Quien somos: OUTPUT CREATIVE S.L. es una empresa patrimonial, dedicada principalmente al arrendamiento de inmuebles. Nuestra actividad se centra en la administraci\u00f3n responsable y eficiente de propiedades destinadas a vivienda Qu\u00e9 ofrecemos: Ofrecemos viviendas, rehabilitadas y situadas en zonas c\u00e9ntricas, con acceso a servicios esenciales como comercios, espacios de ocio, zonas [&hellip;]\" \/>\n<meta property=\"og:url\" content=\"https:\/\/webout.es\/en\/\" \/>\n<meta property=\"og:site_name\" content=\"OUTPUT CREATIVE S.L.\" \/>\n<meta property=\"article:modified_time\" content=\"2026-02-02T12:28:23+00:00\" \/>\n<meta name=\"twitter:card\" content=\"summary_large_image\" \/>\n<meta name=\"twitter:label1\" content=\"Estimated reading time\" \/>\n\t<meta name=\"twitter:data1\" content=\"1 minute\" \/>\n<script type=\"application\/ld+json\" class=\"yoast-schema-graph\">{\"@context\":\"https:\\\/\\\/schema.org\",\"@graph\":[{\"@type\":\"WebPage\",\"@id\":\"https:\\\/\\\/webout.es\\\/\",\"url\":\"https:\\\/\\\/webout.es\\\/\",\"name\":\"Inicio - OUTPUT CREATIVE S.L.\",\"isPartOf\":{\"@id\":\"https:\\\/\\\/webout.es\\\/#website\"},\"datePublished\":\"2026-01-29T16:18:24+00:00\",\"dateModified\":\"2026-02-02T12:28:23+00:00\",\"breadcrumb\":{\"@id\":\"https:\\\/\\\/webout.es\\\/#breadcrumb\"},\"inLanguage\":\"en-GB\",\"potentialAction\":[{\"@type\":\"ReadAction\",\"target\":[\"https:\\\/\\\/webout.es\\\/\"]}]},{\"@type\":\"BreadcrumbList\",\"@id\":\"https:\\\/\\\/webout.es\\\/#breadcrumb\",\"itemListElement\":[{\"@type\":\"ListItem\",\"position\":1,\"name\":\"Portada\",\"item\":\"https:\\\/\\\/webout.es\\\/\"},{\"@type\":\"ListItem\",\"position\":2,\"name\":\"Inicio\"}]},{\"@type\":\"WebSite\",\"@id\":\"https:\\\/\\\/webout.es\\\/#website\",\"url\":\"https:\\\/\\\/webout.es\\\/\",\"name\":\"OUTPUT CREATIVE S.L.\",\"description\":\"Gesti\u00f3n patrimonial\",\"publisher\":{\"@id\":\"https:\\\/\\\/webout.es\\\/#organization\"},\"potentialAction\":[{\"@type\":\"SearchAction\",\"target\":{\"@type\":\"EntryPoint\",\"urlTemplate\":\"https:\\\/\\\/webout.es\\\/?s={search_term_string}\"},\"query-input\":{\"@type\":\"PropertyValueSpecification\",\"valueRequired\":true,\"valueName\":\"search_term_string\"}}],\"inLanguage\":\"en-GB\"},{\"@type\":\"Organization\",\"@id\":\"https:\\\/\\\/webout.es\\\/#organization\",\"name\":\"OUTPUT CREATIVE S.L.\",\"url\":\"https:\\\/\\\/webout.es\\\/\",\"logo\":{\"@type\":\"ImageObject\",\"inLanguage\":\"en-GB\",\"@id\":\"https:\\\/\\\/webout.es\\\/#\\\/schema\\\/logo\\\/image\\\/\",\"url\":\"https:\\\/\\\/webout.es\\\/wp-content\\\/uploads\\\/2026\\\/01\\\/cropped-outputcreative202511_logo_web.png\",\"contentUrl\":\"https:\\\/\\\/webout.es\\\/wp-content\\\/uploads\\\/2026\\\/01\\\/cropped-outputcreative202511_logo_web.png\",\"width\":1079,\"height\":763,\"caption\":\"OUTPUT CREATIVE S.L.\"},\"image\":{\"@id\":\"https:\\\/\\\/webout.es\\\/#\\\/schema\\\/logo\\\/image\\\/\"}}]}<\/script>\n<!-- \/ Yoast SEO plugin. -->","yoast_head_json":{"title":"Inicio - OUTPUT CREATIVE S.L.","robots":{"index":"index","follow":"follow","max-snippet":"max-snippet:-1","max-image-preview":"max-image-preview:large","max-video-preview":"max-video-preview:-1"},"canonical":"https:\/\/webout.es\/en\/","og_locale":"en_GB","og_type":"article","og_title":"Inicio - OUTPUT CREATIVE S.L.","og_description":"Gesti\u00f3n Patrimonial y Arrendamiento Quien somos: OUTPUT CREATIVE S.L. es una empresa patrimonial, dedicada principalmente al arrendamiento de inmuebles. Nuestra actividad se centra en la administraci\u00f3n responsable y eficiente de propiedades destinadas a vivienda Qu\u00e9 ofrecemos: Ofrecemos viviendas, rehabilitadas y situadas en zonas c\u00e9ntricas, con acceso a servicios esenciales como comercios, espacios de ocio, zonas [&hellip;]","og_url":"https:\/\/webout.es\/en\/","og_site_name":"OUTPUT CREATIVE S.L.","article_modified_time":"2026-02-02T12:28:23+00:00","twitter_card":"summary_large_image","twitter_misc":{"Estimated reading time":"1 minute"},"schema":{"@context":"https:\/\/schema.org","@graph":[{"@type":"WebPage","@id":"https:\/\/webout.es\/","url":"https:\/\/webout.es\/","name":"Inicio - OUTPUT CREATIVE S.L.","isPartOf":{"@id":"https:\/\/webout.es\/#website"},"datePublished":"2026-01-29T16:18:24+00:00","dateModified":"2026-02-02T12:28:23+00:00","breadcrumb":{"@id":"https:\/\/webout.es\/#breadcrumb"},"inLanguage":"en-GB","potentialAction":[{"@type":"ReadAction","target":["https:\/\/webout.es\/"]}]},{"@type":"BreadcrumbList","@id":"https:\/\/webout.es\/#breadcrumb","itemListElement":[{"@type":"ListItem","position":1,"name":"Portada","item":"https:\/\/webout.es\/"},{"@type":"ListItem","position":2,"name":"Inicio"}]},{"@type":"WebSite","@id":"https:\/\/webout.es\/#website","url":"https:\/\/webout.es\/","name":"OUTPUT CREATIVE S.L.","description":"Gesti\u00f3n patrimonial","publisher":{"@id":"https:\/\/webout.es\/#organization"},"potentialAction":[{"@type":"SearchAction","target":{"@type":"EntryPoint","urlTemplate":"https:\/\/webout.es\/?s={search_term_string}"},"query-input":{"@type":"PropertyValueSpecification","valueRequired":true,"valueName":"search_term_string"}}],"inLanguage":"en-GB"},{"@type":"Organization","@id":"https:\/\/webout.es\/#organization","name":"OUTPUT CREATIVE S.L.","url":"https:\/\/webout.es\/","logo":{"@type":"ImageObject","inLanguage":"en-GB","@id":"https:\/\/webout.es\/#\/schema\/logo\/image\/","url":"https:\/\/webout.es\/wp-content\/uploads\/2026\/01\/cropped-outputcreative202511_logo_web.png","contentUrl":"https:\/\/webout.es\/wp-content\/uploads\/2026\/01\/cropped-outputcreative202511_logo_web.png","width":1079,"height":763,"caption":"OUTPUT CREATIVE S.L."},"image":{"@id":"https:\/\/webout.es\/#\/schema\/logo\/image\/"}}]}},"_links":{"self":[{"href":"https:\/\/webout.es\/en\/wp-json\/wp\/v2\/pages\/10","targetHints":{"allow":["GET"]}}],"collection":[{"href":"https:\/\/webout.es\/en\/wp-json\/wp\/v2\/pages"}],"about":[{"href":"https:\/\/webout.es\/en\/wp-json\/wp\/v2\/types\/page"}],"author":[{"embeddable":true,"href":"https:\/\/webout.es\/en\/wp-json\/wp\/v2\/users\/1"}],"replies":[{"embeddable":true,"href":"https:\/\/webout.es\/en\/wp-json\/wp\/v2\/comments?post=10"}],"version-history":[{"count":205,"href":"https:\/\/webout.es\/en\/wp-json\/wp\/v2\/pages\/10\/revisions"}],"predecessor-version":[{"id":366,"href":"https:\/\/webout.es\/en\/wp-json\/wp\/v2\/pages\/10\/revisions\/366"}],"wp:attachment":[{"href":"https:\/\/webout.es\/en\/wp-json\/wp\/v2\/media?parent=10"}],"curies":[{"name":"wp","href":"https:\/\/api.w.org\/{rel}","templated":true}]}}