{"id":13,"date":"2026-01-29T16:19:22","date_gmt":"2026-01-29T16:19:22","guid":{"rendered":"https:\/\/webout.rkinformatika.online\/?page_id=13"},"modified":"2026-02-02T12:29:08","modified_gmt":"2026-02-02T12:29:08","slug":"actividad","status":"publish","type":"page","link":"https:\/\/webout.es\/en\/actividad\/","title":{"rendered":"Activity"},"content":{"rendered":"<div data-elementor-type=\"wp-page\" data-elementor-id=\"13\" class=\"elementor elementor-13\" data-elementor-post-type=\"page\">\n\t\t\t\t<div class=\"elementor-element elementor-element-3753c01 animated-slow e-flex e-con-boxed elementor-invisible e-con e-parent\" data-id=\"3753c01\" data-element_type=\"container\" data-e-type=\"container\" data-settings=\"{&quot;background_background&quot;:&quot;classic&quot;,&quot;shape_divider_bottom&quot;:&quot;opacity-tilt&quot;,&quot;animation&quot;:&quot;fadeIn&quot;}\">\n\t\t\t\t\t<div class=\"e-con-inner\">\n\t\t\t\t<div class=\"elementor-shape elementor-shape-bottom\" aria-hidden=\"true\" data-negative=\"false\">\n\t\t\t<svg xmlns=\"http:\/\/www.w3.org\/2000\/svg\" viewbox=\"0 0 2600 131.1\" preserveaspectratio=\"none\">\n\t<path class=\"elementor-shape-fill\" d=\"M0 0L2600 0 2600 69.1 0 0z\"\/>\n\t<path class=\"elementor-shape-fill\" style=\"opacity:0.5\" d=\"M0 0L2600 0 2600 69.1 0 69.1z\"\/>\n\t<path class=\"elementor-shape-fill\" style=\"opacity:0.25\" d=\"M2600 0L0 0 0 130.1 2600 69.1z\"\/>\n<\/svg>\t\t<\/div>\n\t\t\t\t<div class=\"elementor-element elementor-element-05755d8 elementor-widget elementor-widget-heading\" data-id=\"05755d8\" data-element_type=\"widget\" data-e-type=\"widget\" data-widget_type=\"heading.default\">\n\t\t\t\t\t<h2 class=\"elementor-heading-title elementor-size-default\">Asset Management and Leasing<\/h2>\t\t\t\t<\/div>\n\t\t\t\t\t<\/div>\n\t\t\t\t<\/div>\n\t\t<div class=\"elementor-element elementor-element-1ef0d4c e-flex e-con-boxed e-con e-parent\" data-id=\"1ef0d4c\" data-element_type=\"container\" data-e-type=\"container\">\n\t\t\t\t\t<div class=\"e-con-inner\">\n\t\t<div class=\"elementor-element elementor-element-2cc60e7 e-con-full animated-slow e-flex elementor-invisible e-con e-child\" data-id=\"2cc60e7\" data-element_type=\"container\" data-e-type=\"container\" data-settings=\"{&quot;animation&quot;:&quot;zoomIn&quot;}\">\n\t\t\t\t<div class=\"elementor-element elementor-element-6d07bd6 elementor-widget elementor-widget-text-editor\" data-id=\"6d07bd6\" data-element_type=\"widget\" data-e-type=\"widget\" data-widget_type=\"text-editor.default\">\n\t\t\t\t\t\t\t\t\t<p data-start=\"2799\" data-end=\"2841\">Gesti\u00f3n administrativa del arrendamiento<\/p><p data-start=\"2844\" data-end=\"2886\">Formalizaci\u00f3n y seguimiento de contratos<\/p><p data-start=\"2889\" data-end=\"2929\">Relaci\u00f3n y comunicaci\u00f3n con inquilinos<\/p><p data-start=\"2932\" data-end=\"2984\">Supervisi\u00f3n del estado y conservaci\u00f3n del inmueble<\/p><p data-start=\"2987\" data-end=\"3028\">Coordinaci\u00f3n de tareas de mantenimiento<\/p><p data-start=\"3031\" data-end=\"3095\">Gesti\u00f3n transparente y organizada del proceso de arrendamiento<\/p>\t\t\t\t\t\t\t\t<\/div>\n\t\t\t\t<\/div>\n\t\t\t\t\t<\/div>\n\t\t\t\t<\/div>\n\t\t<div class=\"elementor-element elementor-element-07baa73 animated-slow e-flex e-con-boxed elementor-invisible e-con e-parent\" data-id=\"07baa73\" data-element_type=\"container\" data-e-type=\"container\" data-settings=\"{&quot;background_background&quot;:&quot;classic&quot;,&quot;animation&quot;:&quot;fadeInUp&quot;}\">\n\t\t\t\t\t<div class=\"e-con-inner\">\n\t\t<div class=\"elementor-element elementor-element-1739486 e-con-full e-flex e-con e-child\" data-id=\"1739486\" data-element_type=\"container\" data-e-type=\"container\">\n\t\t\t\t<div class=\"elementor-element elementor-element-5eecf69 elementor-widget elementor-widget-heading\" data-id=\"5eecf69\" data-element_type=\"widget\" data-e-type=\"widget\" data-widget_type=\"heading.default\">\n\t\t\t\t\t<h2 class=\"elementor-heading-title elementor-size-default\">garantizando un servicio eficiente y una comunicaci\u00f3n clara en todo momento.<\/h2>\t\t\t\t<\/div>\n\t\t\t\t<\/div>\n\t\t\t\t<div class=\"elementor-element elementor-element-04f8649 elementor-widget elementor-widget-button\" data-id=\"04f8649\" data-element_type=\"widget\" data-e-type=\"widget\" data-widget_type=\"button.default\">\n\t\t\t\t\t\t\t\t\t\t<a class=\"elementor-button elementor-button-link elementor-size-sm elementor-animation-grow\" href=\"https:\/\/webout.es\/en\/contacto\/\">\n\t\t\t\t\t\t<span class=\"elementor-button-content-wrapper\">\n\t\t\t\t\t\t\t\t\t<span class=\"elementor-button-text\">Contact<\/span>\n\t\t\t\t\t<\/span>\n\t\t\t\t\t<\/a>\n\t\t\t\t\t\t\t\t<\/div>\n\t\t\t\t\t<\/div>\n\t\t\t\t<\/div>\n\t\t\t\t<\/div>","protected":false},"excerpt":{"rendered":"<p>Gesti\u00f3n Patrimonial y Arrendamiento Gesti\u00f3n administrativa del arrendamiento Formalizaci\u00f3n y seguimiento de contratos Relaci\u00f3n y comunicaci\u00f3n con inquilinos Supervisi\u00f3n del estado y conservaci\u00f3n del inmueble Coordinaci\u00f3n de tareas de mantenimiento Gesti\u00f3n transparente y organizada del proceso de arrendamiento garantizando un servicio eficiente y una comunicaci\u00f3n clara en todo momento. Contacto<\/p>","protected":false},"author":1,"featured_media":0,"parent":0,"menu_order":0,"comment_status":"closed","ping_status":"closed","template":"elementor_canvas","meta":{"footnotes":""},"class_list":["post-13","page","type-page","status-publish","hentry"],"yoast_head":"<!-- This site is optimized with the Yoast SEO plugin v27.3 - https:\/\/yoast.com\/product\/yoast-seo-wordpress\/ -->\n<title>Actividad - OUTPUT CREATIVE S.L.<\/title>\n<meta name=\"robots\" content=\"index, follow, max-snippet:-1, max-image-preview:large, max-video-preview:-1\" \/>\n<link rel=\"canonical\" href=\"https:\/\/webout.es\/en\/actividad\/\" \/>\n<meta property=\"og:locale\" content=\"en_GB\" \/>\n<meta property=\"og:type\" content=\"article\" \/>\n<meta property=\"og:title\" content=\"Actividad - OUTPUT CREATIVE S.L.\" \/>\n<meta property=\"og:description\" content=\"Gesti\u00f3n Patrimonial y Arrendamiento Gesti\u00f3n administrativa del arrendamiento Formalizaci\u00f3n y seguimiento de contratos Relaci\u00f3n y comunicaci\u00f3n con inquilinos Supervisi\u00f3n del estado y conservaci\u00f3n del inmueble Coordinaci\u00f3n de tareas de mantenimiento Gesti\u00f3n transparente y organizada del proceso de arrendamiento garantizando un servicio eficiente y una comunicaci\u00f3n clara en todo momento. Contacto\" \/>\n<meta property=\"og:url\" content=\"https:\/\/webout.es\/en\/actividad\/\" \/>\n<meta property=\"og:site_name\" content=\"OUTPUT CREATIVE S.L.\" \/>\n<meta property=\"article:modified_time\" content=\"2026-02-02T12:29:08+00:00\" \/>\n<meta name=\"twitter:card\" content=\"summary_large_image\" \/>\n<meta name=\"twitter:label1\" content=\"Estimated reading time\" \/>\n\t<meta name=\"twitter:data1\" content=\"1 minute\" \/>\n<script type=\"application\/ld+json\" class=\"yoast-schema-graph\">{\"@context\":\"https:\\\/\\\/schema.org\",\"@graph\":[{\"@type\":\"WebPage\",\"@id\":\"https:\\\/\\\/webout.es\\\/actividad\\\/\",\"url\":\"https:\\\/\\\/webout.es\\\/actividad\\\/\",\"name\":\"Actividad - OUTPUT CREATIVE S.L.\",\"isPartOf\":{\"@id\":\"https:\\\/\\\/webout.es\\\/#website\"},\"datePublished\":\"2026-01-29T16:19:22+00:00\",\"dateModified\":\"2026-02-02T12:29:08+00:00\",\"breadcrumb\":{\"@id\":\"https:\\\/\\\/webout.es\\\/actividad\\\/#breadcrumb\"},\"inLanguage\":\"en-GB\",\"potentialAction\":[{\"@type\":\"ReadAction\",\"target\":[\"https:\\\/\\\/webout.es\\\/actividad\\\/\"]}]},{\"@type\":\"BreadcrumbList\",\"@id\":\"https:\\\/\\\/webout.es\\\/actividad\\\/#breadcrumb\",\"itemListElement\":[{\"@type\":\"ListItem\",\"position\":1,\"name\":\"Portada\",\"item\":\"https:\\\/\\\/webout.es\\\/\"},{\"@type\":\"ListItem\",\"position\":2,\"name\":\"Actividad\"}]},{\"@type\":\"WebSite\",\"@id\":\"https:\\\/\\\/webout.es\\\/#website\",\"url\":\"https:\\\/\\\/webout.es\\\/\",\"name\":\"OUTPUT CREATIVE S.L.\",\"description\":\"Gesti\u00f3n patrimonial\",\"publisher\":{\"@id\":\"https:\\\/\\\/webout.es\\\/#organization\"},\"potentialAction\":[{\"@type\":\"SearchAction\",\"target\":{\"@type\":\"EntryPoint\",\"urlTemplate\":\"https:\\\/\\\/webout.es\\\/?s={search_term_string}\"},\"query-input\":{\"@type\":\"PropertyValueSpecification\",\"valueRequired\":true,\"valueName\":\"search_term_string\"}}],\"inLanguage\":\"en-GB\"},{\"@type\":\"Organization\",\"@id\":\"https:\\\/\\\/webout.es\\\/#organization\",\"name\":\"OUTPUT CREATIVE S.L.\",\"url\":\"https:\\\/\\\/webout.es\\\/\",\"logo\":{\"@type\":\"ImageObject\",\"inLanguage\":\"en-GB\",\"@id\":\"https:\\\/\\\/webout.es\\\/#\\\/schema\\\/logo\\\/image\\\/\",\"url\":\"https:\\\/\\\/webout.es\\\/wp-content\\\/uploads\\\/2026\\\/01\\\/cropped-outputcreative202511_logo_web.png\",\"contentUrl\":\"https:\\\/\\\/webout.es\\\/wp-content\\\/uploads\\\/2026\\\/01\\\/cropped-outputcreative202511_logo_web.png\",\"width\":1079,\"height\":763,\"caption\":\"OUTPUT CREATIVE S.L.\"},\"image\":{\"@id\":\"https:\\\/\\\/webout.es\\\/#\\\/schema\\\/logo\\\/image\\\/\"}}]}<\/script>\n<!-- \/ Yoast SEO plugin. -->","yoast_head_json":{"title":"Actividad - OUTPUT CREATIVE S.L.","robots":{"index":"index","follow":"follow","max-snippet":"max-snippet:-1","max-image-preview":"max-image-preview:large","max-video-preview":"max-video-preview:-1"},"canonical":"https:\/\/webout.es\/en\/actividad\/","og_locale":"en_GB","og_type":"article","og_title":"Actividad - OUTPUT CREATIVE S.L.","og_description":"Gesti\u00f3n Patrimonial y Arrendamiento Gesti\u00f3n administrativa del arrendamiento Formalizaci\u00f3n y seguimiento de contratos Relaci\u00f3n y comunicaci\u00f3n con inquilinos Supervisi\u00f3n del estado y conservaci\u00f3n del inmueble Coordinaci\u00f3n de tareas de mantenimiento Gesti\u00f3n transparente y organizada del proceso de arrendamiento garantizando un servicio eficiente y una comunicaci\u00f3n clara en todo momento. Contacto","og_url":"https:\/\/webout.es\/en\/actividad\/","og_site_name":"OUTPUT CREATIVE S.L.","article_modified_time":"2026-02-02T12:29:08+00:00","twitter_card":"summary_large_image","twitter_misc":{"Estimated reading time":"1 minute"},"schema":{"@context":"https:\/\/schema.org","@graph":[{"@type":"WebPage","@id":"https:\/\/webout.es\/actividad\/","url":"https:\/\/webout.es\/actividad\/","name":"Actividad - OUTPUT CREATIVE S.L.","isPartOf":{"@id":"https:\/\/webout.es\/#website"},"datePublished":"2026-01-29T16:19:22+00:00","dateModified":"2026-02-02T12:29:08+00:00","breadcrumb":{"@id":"https:\/\/webout.es\/actividad\/#breadcrumb"},"inLanguage":"en-GB","potentialAction":[{"@type":"ReadAction","target":["https:\/\/webout.es\/actividad\/"]}]},{"@type":"BreadcrumbList","@id":"https:\/\/webout.es\/actividad\/#breadcrumb","itemListElement":[{"@type":"ListItem","position":1,"name":"Portada","item":"https:\/\/webout.es\/"},{"@type":"ListItem","position":2,"name":"Actividad"}]},{"@type":"WebSite","@id":"https:\/\/webout.es\/#website","url":"https:\/\/webout.es\/","name":"OUTPUT CREATIVE S.L.","description":"Gesti\u00f3n patrimonial","publisher":{"@id":"https:\/\/webout.es\/#organization"},"potentialAction":[{"@type":"SearchAction","target":{"@type":"EntryPoint","urlTemplate":"https:\/\/webout.es\/?s={search_term_string}"},"query-input":{"@type":"PropertyValueSpecification","valueRequired":true,"valueName":"search_term_string"}}],"inLanguage":"en-GB"},{"@type":"Organization","@id":"https:\/\/webout.es\/#organization","name":"OUTPUT CREATIVE S.L.","url":"https:\/\/webout.es\/","logo":{"@type":"ImageObject","inLanguage":"en-GB","@id":"https:\/\/webout.es\/#\/schema\/logo\/image\/","url":"https:\/\/webout.es\/wp-content\/uploads\/2026\/01\/cropped-outputcreative202511_logo_web.png","contentUrl":"https:\/\/webout.es\/wp-content\/uploads\/2026\/01\/cropped-outputcreative202511_logo_web.png","width":1079,"height":763,"caption":"OUTPUT CREATIVE S.L."},"image":{"@id":"https:\/\/webout.es\/#\/schema\/logo\/image\/"}}]}},"_links":{"self":[{"href":"https:\/\/webout.es\/en\/wp-json\/wp\/v2\/pages\/13","targetHints":{"allow":["GET"]}}],"collection":[{"href":"https:\/\/webout.es\/en\/wp-json\/wp\/v2\/pages"}],"about":[{"href":"https:\/\/webout.es\/en\/wp-json\/wp\/v2\/types\/page"}],"author":[{"embeddable":true,"href":"https:\/\/webout.es\/en\/wp-json\/wp\/v2\/users\/1"}],"replies":[{"embeddable":true,"href":"https:\/\/webout.es\/en\/wp-json\/wp\/v2\/comments?post=13"}],"version-history":[{"count":41,"href":"https:\/\/webout.es\/en\/wp-json\/wp\/v2\/pages\/13\/revisions"}],"predecessor-version":[{"id":369,"href":"https:\/\/webout.es\/en\/wp-json\/wp\/v2\/pages\/13\/revisions\/369"}],"wp:attachment":[{"href":"https:\/\/webout.es\/en\/wp-json\/wp\/v2\/media?parent=13"}],"curies":[{"name":"wp","href":"https:\/\/api.w.org\/{rel}","templated":true}]}}